{"id":15,"date":"2024-03-07T18:07:23","date_gmt":"2024-03-07T18:07:23","guid":{"rendered":"http:\/\/www.burbujasludoteca.es\/?page_id=15"},"modified":"2026-01-26T02:40:39","modified_gmt":"2026-01-26T02:40:39","slug":"inicio","status":"publish","type":"page","link":"https:\/\/www.burbujasludoteca.es\/","title":{"rendered":"Inicio"},"content":{"rendered":"\n<h2 class=\"wp-block-heading has-accent-color has-text-color has-link-color wp-elements-2438b4e1043d78c826ac044cf243101a\">\u00bfQu\u00e9 queremos para ti?<\/h2>\n\n\n\n<p>Te mereces lo mejor, por eso lo que deseamos es facilitarte un espacio seguro, agradable y c\u00f3modo para ti y los tuyos.<\/p>\n\n\n\n<p>P\u00e1sate por nuestra ludoteca y disfruta con nosotros mientras tus peques juegan en el parque de bolas  y t\u00fa con los tuyos os tom\u00e1is algo.<\/p>\n\n\n\n<p>Y por supuesto puedes reservar todo el local en exclusiva para realizar cualquier celebraci\u00f3n de tu fiesta.<\/p>\n\n\n\n<p><\/p>\n","protected":false},"excerpt":{"rendered":"<p>\u00bfQu\u00e9 queremos para ti? Te mereces lo mejor, por eso lo que deseamos es facilitarte un espacio seguro, agradable y c\u00f3modo para ti y los tuyos. P\u00e1sate por nuestra ludoteca y disfruta con nosotros mientras tus peques juegan en el parque de bolas y t\u00fa con los tuyos os tom\u00e1is [&hellip;]<\/p>\n","protected":false},"author":1,"featured_media":166,"parent":0,"menu_order":0,"comment_status":"closed","ping_status":"closed","template":"","meta":{"footnotes":""},"class_list":["post-15","page","type-page","status-publish","has-post-thumbnail","hentry"],"yoast_head":"<!-- This site is optimized with the Yoast SEO plugin v25.3.1 - https:\/\/yoast.com\/wordpress\/plugins\/seo\/ -->\n<title>Inicio - Ludoteca Burbujas<\/title>\n<meta name=\"robots\" content=\"index, follow, max-snippet:-1, max-image-preview:large, max-video-preview:-1\" \/>\n<link rel=\"canonical\" href=\"https:\/\/www.burbujasludoteca.es\/\" \/>\n<meta property=\"og:locale\" content=\"es_ES\" \/>\n<meta property=\"og:type\" content=\"article\" \/>\n<meta property=\"og:title\" content=\"Inicio - Ludoteca Burbujas\" \/>\n<meta property=\"og:description\" content=\"\u00bfQu\u00e9 queremos para ti? Te mereces lo mejor, por eso lo que deseamos es facilitarte un espacio seguro, agradable y c\u00f3modo para ti y los tuyos. P\u00e1sate por nuestra ludoteca y disfruta con nosotros mientras tus peques juegan en el parque de bolas y t\u00fa con los tuyos os tom\u00e1is [&hellip;]\" \/>\n<meta property=\"og:url\" content=\"https:\/\/www.burbujasludoteca.es\/\" \/>\n<meta property=\"og:site_name\" content=\"Ludoteca Burbujas\" \/>\n<meta property=\"article:modified_time\" content=\"2026-01-26T02:40:39+00:00\" \/>\n<meta property=\"og:image\" content=\"http:\/\/www.burbujasludoteca.es\/wp-content\/uploads\/2024\/08\/pexels-photo-3713892.webp\" \/>\n\t<meta property=\"og:image:width\" content=\"1000\" \/>\n\t<meta property=\"og:image:height\" content=\"1500\" \/>\n\t<meta property=\"og:image:type\" content=\"image\/webp\" \/>\n<meta name=\"twitter:card\" content=\"summary_large_image\" \/>\n<meta name=\"twitter:label1\" content=\"Tiempo de lectura\" \/>\n\t<meta name=\"twitter:data1\" content=\"1 minuto\" \/>\n<script type=\"application\/ld+json\" class=\"yoast-schema-graph\">{\"@context\":\"https:\/\/schema.org\",\"@graph\":[{\"@type\":\"WebPage\",\"@id\":\"https:\/\/www.burbujasludoteca.es\/\",\"url\":\"https:\/\/www.burbujasludoteca.es\/\",\"name\":\"Inicio - Ludoteca Burbujas\",\"isPartOf\":{\"@id\":\"https:\/\/www.burbujasludoteca.es\/#website\"},\"primaryImageOfPage\":{\"@id\":\"https:\/\/www.burbujasludoteca.es\/#primaryimage\"},\"image\":{\"@id\":\"https:\/\/www.burbujasludoteca.es\/#primaryimage\"},\"thumbnailUrl\":\"https:\/\/www.burbujasludoteca.es\/wp-content\/uploads\/2024\/08\/pexels-photo-3713892.webp\",\"datePublished\":\"2024-03-07T18:07:23+00:00\",\"dateModified\":\"2026-01-26T02:40:39+00:00\",\"breadcrumb\":{\"@id\":\"https:\/\/www.burbujasludoteca.es\/#breadcrumb\"},\"inLanguage\":\"es\",\"potentialAction\":[{\"@type\":\"ReadAction\",\"target\":[\"https:\/\/www.burbujasludoteca.es\/\"]}]},{\"@type\":\"ImageObject\",\"inLanguage\":\"es\",\"@id\":\"https:\/\/www.burbujasludoteca.es\/#primaryimage\",\"url\":\"https:\/\/www.burbujasludoteca.es\/wp-content\/uploads\/2024\/08\/pexels-photo-3713892.webp\",\"contentUrl\":\"https:\/\/www.burbujasludoteca.es\/wp-content\/uploads\/2024\/08\/pexels-photo-3713892.webp\",\"width\":1000,\"height\":1500},{\"@type\":\"BreadcrumbList\",\"@id\":\"https:\/\/www.burbujasludoteca.es\/#breadcrumb\",\"itemListElement\":[{\"@type\":\"ListItem\",\"position\":1,\"name\":\"Portada\",\"item\":\"https:\/\/www.burbujasludoteca.es\/\"},{\"@type\":\"ListItem\",\"position\":2,\"name\":\"Inicio\"}]},{\"@type\":\"WebSite\",\"@id\":\"https:\/\/www.burbujasludoteca.es\/#website\",\"url\":\"https:\/\/www.burbujasludoteca.es\/\",\"name\":\"Ludoteca Burbujas\",\"description\":\"BURBUJAS\",\"publisher\":{\"@id\":\"https:\/\/www.burbujasludoteca.es\/#organization\"},\"potentialAction\":[{\"@type\":\"SearchAction\",\"target\":{\"@type\":\"EntryPoint\",\"urlTemplate\":\"https:\/\/www.burbujasludoteca.es\/?s={search_term_string}\"},\"query-input\":{\"@type\":\"PropertyValueSpecification\",\"valueRequired\":true,\"valueName\":\"search_term_string\"}}],\"inLanguage\":\"es\"},{\"@type\":\"Organization\",\"@id\":\"https:\/\/www.burbujasludoteca.es\/#organization\",\"name\":\"Ludoteca Burbujas\",\"url\":\"https:\/\/www.burbujasludoteca.es\/\",\"logo\":{\"@type\":\"ImageObject\",\"inLanguage\":\"es\",\"@id\":\"https:\/\/www.burbujasludoteca.es\/#\/schema\/logo\/image\/\",\"url\":\"https:\/\/www.burbujasludoteca.es\/wp-content\/uploads\/2024\/03\/cropped-Burbujas-LOGO-1_20240329_132229_0000-1.png\",\"contentUrl\":\"https:\/\/www.burbujasludoteca.es\/wp-content\/uploads\/2024\/03\/cropped-Burbujas-LOGO-1_20240329_132229_0000-1.png\",\"width\":1036,\"height\":592,\"caption\":\"Ludoteca Burbujas\"},\"image\":{\"@id\":\"https:\/\/www.burbujasludoteca.es\/#\/schema\/logo\/image\/\"}}]}<\/script>\n<!-- \/ Yoast SEO plugin. -->","yoast_head_json":{"title":"Inicio - Ludoteca Burbujas","robots":{"index":"index","follow":"follow","max-snippet":"max-snippet:-1","max-image-preview":"max-image-preview:large","max-video-preview":"max-video-preview:-1"},"canonical":"https:\/\/www.burbujasludoteca.es\/","og_locale":"es_ES","og_type":"article","og_title":"Inicio - Ludoteca Burbujas","og_description":"\u00bfQu\u00e9 queremos para ti? Te mereces lo mejor, por eso lo que deseamos es facilitarte un espacio seguro, agradable y c\u00f3modo para ti y los tuyos. P\u00e1sate por nuestra ludoteca y disfruta con nosotros mientras tus peques juegan en el parque de bolas y t\u00fa con los tuyos os tom\u00e1is [&hellip;]","og_url":"https:\/\/www.burbujasludoteca.es\/","og_site_name":"Ludoteca Burbujas","article_modified_time":"2026-01-26T02:40:39+00:00","og_image":[{"width":1000,"height":1500,"url":"http:\/\/www.burbujasludoteca.es\/wp-content\/uploads\/2024\/08\/pexels-photo-3713892.webp","type":"image\/webp"}],"twitter_card":"summary_large_image","twitter_misc":{"Tiempo de lectura":"1 minuto"},"schema":{"@context":"https:\/\/schema.org","@graph":[{"@type":"WebPage","@id":"https:\/\/www.burbujasludoteca.es\/","url":"https:\/\/www.burbujasludoteca.es\/","name":"Inicio - Ludoteca Burbujas","isPartOf":{"@id":"https:\/\/www.burbujasludoteca.es\/#website"},"primaryImageOfPage":{"@id":"https:\/\/www.burbujasludoteca.es\/#primaryimage"},"image":{"@id":"https:\/\/www.burbujasludoteca.es\/#primaryimage"},"thumbnailUrl":"https:\/\/www.burbujasludoteca.es\/wp-content\/uploads\/2024\/08\/pexels-photo-3713892.webp","datePublished":"2024-03-07T18:07:23+00:00","dateModified":"2026-01-26T02:40:39+00:00","breadcrumb":{"@id":"https:\/\/www.burbujasludoteca.es\/#breadcrumb"},"inLanguage":"es","potentialAction":[{"@type":"ReadAction","target":["https:\/\/www.burbujasludoteca.es\/"]}]},{"@type":"ImageObject","inLanguage":"es","@id":"https:\/\/www.burbujasludoteca.es\/#primaryimage","url":"https:\/\/www.burbujasludoteca.es\/wp-content\/uploads\/2024\/08\/pexels-photo-3713892.webp","contentUrl":"https:\/\/www.burbujasludoteca.es\/wp-content\/uploads\/2024\/08\/pexels-photo-3713892.webp","width":1000,"height":1500},{"@type":"BreadcrumbList","@id":"https:\/\/www.burbujasludoteca.es\/#breadcrumb","itemListElement":[{"@type":"ListItem","position":1,"name":"Portada","item":"https:\/\/www.burbujasludoteca.es\/"},{"@type":"ListItem","position":2,"name":"Inicio"}]},{"@type":"WebSite","@id":"https:\/\/www.burbujasludoteca.es\/#website","url":"https:\/\/www.burbujasludoteca.es\/","name":"Ludoteca Burbujas","description":"BURBUJAS","publisher":{"@id":"https:\/\/www.burbujasludoteca.es\/#organization"},"potentialAction":[{"@type":"SearchAction","target":{"@type":"EntryPoint","urlTemplate":"https:\/\/www.burbujasludoteca.es\/?s={search_term_string}"},"query-input":{"@type":"PropertyValueSpecification","valueRequired":true,"valueName":"search_term_string"}}],"inLanguage":"es"},{"@type":"Organization","@id":"https:\/\/www.burbujasludoteca.es\/#organization","name":"Ludoteca Burbujas","url":"https:\/\/www.burbujasludoteca.es\/","logo":{"@type":"ImageObject","inLanguage":"es","@id":"https:\/\/www.burbujasludoteca.es\/#\/schema\/logo\/image\/","url":"https:\/\/www.burbujasludoteca.es\/wp-content\/uploads\/2024\/03\/cropped-Burbujas-LOGO-1_20240329_132229_0000-1.png","contentUrl":"https:\/\/www.burbujasludoteca.es\/wp-content\/uploads\/2024\/03\/cropped-Burbujas-LOGO-1_20240329_132229_0000-1.png","width":1036,"height":592,"caption":"Ludoteca Burbujas"},"image":{"@id":"https:\/\/www.burbujasludoteca.es\/#\/schema\/logo\/image\/"}}]}},"_links":{"self":[{"href":"https:\/\/www.burbujasludoteca.es\/index.php?rest_route=\/wp\/v2\/pages\/15","targetHints":{"allow":["GET"]}}],"collection":[{"href":"https:\/\/www.burbujasludoteca.es\/index.php?rest_route=\/wp\/v2\/pages"}],"about":[{"href":"https:\/\/www.burbujasludoteca.es\/index.php?rest_route=\/wp\/v2\/types\/page"}],"author":[{"embeddable":true,"href":"https:\/\/www.burbujasludoteca.es\/index.php?rest_route=\/wp\/v2\/users\/1"}],"replies":[{"embeddable":true,"href":"https:\/\/www.burbujasludoteca.es\/index.php?rest_route=%2Fwp%2Fv2%2Fcomments&post=15"}],"version-history":[{"count":4,"href":"https:\/\/www.burbujasludoteca.es\/index.php?rest_route=\/wp\/v2\/pages\/15\/revisions"}],"predecessor-version":[{"id":339,"href":"https:\/\/www.burbujasludoteca.es\/index.php?rest_route=\/wp\/v2\/pages\/15\/revisions\/339"}],"wp:featuredmedia":[{"embeddable":true,"href":"https:\/\/www.burbujasludoteca.es\/index.php?rest_route=\/wp\/v2\/media\/166"}],"wp:attachment":[{"href":"https:\/\/www.burbujasludoteca.es\/index.php?rest_route=%2Fwp%2Fv2%2Fmedia&parent=15"}],"curies":[{"name":"wp","href":"https:\/\/api.w.org\/{rel}","templated":true}]}}